{"id":4697,"date":"2019-02-12T14:59:04","date_gmt":"2019-02-12T13:59:04","guid":{"rendered":"http:\/\/localhost\/?page_id=4697"},"modified":"2019-03-01T11:01:54","modified_gmt":"2019-03-01T10:01:54","slug":"cookies-policy","status":"publish","type":"page","link":"http:\/\/estela.zadiasoftware.com\/it\/cookies-policy\/","title":{"rendered":"Cookies policy"},"content":{"rendered":"<p>&nbsp;<\/p>\n<p><strong>1. NORMATIVA APLICABLE<\/strong><\/p>\n<p>El apartado segundo del art\u00edculo 22 de la Ley 34\/2002, de 11 de julio, de Servicios de la Sociedad de la Informaci\u00f3n y de Comercio Electr\u00f3nico (en adelante, LSSI-CE),establece lo siguiente:<\/p>\n<p><em>1. Los prestadores de servicios podr\u00e1n utilizar dispositivos de almacenamiento y recuperaci\u00f3n de datos en equipos terminales de los destinatarios, a condici\u00f3n de que los mismos hayan dado su consentimiento despu\u00e9s de que se les haya facilitado informaci\u00f3n clara y completa sobre su utilizaci\u00f3n, en particular, sobre los fines del tartamiento de los datos, con arreglo a lo dispuesto en la Ley Org\u00e1nica 15\/1999, de 13 de diciembre, de Protecci\u00f3n de Datos de Car\u00e1cter Personal.<\/em><\/p>\n<p><em>Cuando sea t\u00e9cnicamente posible y eficaz, el consentimiento del destinatario para aceptar el tratamiento de los datos podr\u00e1 facilitarse mediante el uso de los par\u00e1metros adecuados del navegador o de otras aplicaciones, siempre que aqu\u00e9l deba proceder a su configuraci\u00f3n durante su instalaci\u00f3n o actualizaci\u00f3n mediante una acci\u00f3n expresa a tal efecto.<\/em><\/p>\n<p><em>Lo anterior no impedir\u00e1 el posible almacenamiento o acceso de \u00edndole t\u00e9cnica al solo fin de efectuar la transmisi\u00f3n de una comunicaci\u00f3n por una red de comunicaciones electr\u00f3nicas o, en la medida que resulte estrictamente necesario, para la prestaci\u00f3n de un servicio de la sociedad de la informaci\u00f3n expresamente solicitado por el destinatario.<\/em><\/p>\n<p align=\"left\"><strong>\u00a0<\/strong>Seg\u00fan recoge la \u201cGu\u00eda sobre el uso de las cookies\u201d, publicada por la Agencia Espa\u00f1ola de Protecci\u00f3n de Datas (en adelante, AEPD) en el a\u00f1o 2013, la LSSI-CE es aplicable a cualquier tipo de archivo o dispositivo que se descarga en el equipo terminal de un usuario con la finalidad de almacenar datos que podr\u00e1n ser actualizados y recuperados por la entidad responsable de su instalaci\u00f3n. La cookie es uno de esos dispositivos de \u00a0uso generalizado por lo que, en adelante, denominaremos gen\u00e9ricamente estos dispositiivos como cookies.<\/p>\n<p>\u00a0Quedan exceptuadas del cumplimiento de las obligaciones establecidas en el art\u00edculo 22.2 de la LSSI-CE las cookies utilizadas para alguna de las siguientes finalidades:<\/p>\n<p>Permitir \u00fanicamente la comunicaci\u00f3n entre el equipo del usuario y la red.<\/p>\n<p>Estrictamente prestar un servicio expresamente solicitado por el usuario.<\/p>\n<p><strong>\u00a02.\u00a0<\/strong><strong>TIPOS DE COOKIES SEG\u00daN SU FINALIDAD<\/strong><\/p>\n<p><span lang=\"ES\">Una cookie es un fichero que se descarga en su ordenador al acceder a determinadas p\u00e1ginas web. Las cookies permiten a una p\u00e1gina web, entre otras cosas, almacenar y recuperar informaci\u00f3n sobre los h\u00e1bitos de navegaci\u00f3n de un usuario o de su equipo y, dependiendo de la informaci\u00f3n que contengan y de la forma en que utilice su equipo, pueden utilizarse para reconocer al usuario.<\/span><\/p>\n<p><span lang=\"ES\">Tal como recoge la \u201cGu\u00eda sobre el uso de las cookies\u201d de la AEPD, seg\u00fan la finalidad para la que se traten los datos obtenidos a trav\u00e9s de las \u00a0<\/span><\/p>\n<p><span lang=\"ES\">cookies, podemos distinguir entre:<\/span><\/p>\n<ul>\n<li><strong>Cookies t\u00e9cnicas:<\/strong>Son aqu\u00e9llas que permiten al usuario la navegaci\u00f3n a trav\u00e9s de una p\u00e1gina web, plataforma o aplicaci\u00f3n y la utilizaci\u00f3n de las diferentes opciones o servicios que en ella existan como, por ejemplo, controlar el tr\u00e1fico y la comunicaci\u00f3n de datos, identificar la sesi\u00f3n, acceder a partes de acceso restringido, recordar los elementos que integran un pedido, realizar el proceso de compra de un pedido, realizar la solicitud de inscripci\u00f3n o participaci\u00f3n en un evento, utilizar elementos de seguridad durante la navegaci\u00f3n, almacenar contenidos para la difusi\u00f3n de videos o sonido o compartir contenidos a trav\u00e9s de redes sociales.<\/li>\n<li>\u00a0<strong>Cookies de personalizaci\u00f3n:<\/strong>Son aqu\u00e9llas que permiten al usuario acceder al servicio con algunas caracter\u00edsticas de car\u00e1cter general predefinidas en funci\u00f3n de una serie de criterios en el terminal del usuario como por ejemplo serian el idioma, el tipo de navegador a trav\u00e9s del cual accede al servicio, la configuraci\u00f3n regional desde donde accede al servicio, etc.<\/li>\n<li>\u00a0<strong>Cookies de an\u00e1lisis:<\/strong>Son aqu\u00e9llas que permiten al responsable de las mismas, el seguimiento y an\u00e1lisis del comportamiento de los usuarios de los sitios web a los que est\u00e1n vinculadas. La informaci\u00f3n recogida mediante este tipo de cookies se utiliza en la medici\u00f3n de la actividad de los sitios web, aplicaci\u00f3n o plataforma y para la elaboraci\u00f3n de perfiles de navegaci\u00f3n de los usuarios de dichos sitios, aplicaciones y plataformas, con el fin de introducir mejoras en funci\u00f3n del an\u00e1lisis de los datos de uso que hacen los usuarios del servicio.<\/li>\n<li>\u00a0<strong>Cookies publicitarias:\u00a0<\/strong>Son aqu\u00e9llas que permiten la gesti\u00f3n, de la forma m\u00e1s eficaz posible, de los espacios publicitarios que, en su caso, el editor haya incluido en una p\u00e1gina web, aplicaci\u00f3n o plataforma desde la que presta el servicio solicitado en base a criterios como el contenido editado o la frecuencia en la que se muestran los anuncios.<\/li>\n<li><strong>Cookies de publicidad comportamental:<\/strong>Son aqu\u00e9llas que permiten la gesti\u00f3n, de la forma m\u00e1s eficaz posible, de los espacios publicitarios que, en su caso, el editor haya incluido en una p\u00e1gina web, aplicaci\u00f3n o plataforma desde la que presta el servicio solicitado. Estas cookies almacenan informaci\u00f3n del comportamiento de los usuarios obtenida a trav\u00e9s de la observaci\u00f3n continuada de sus h\u00e1bitos de navegaci\u00f3n, lo que permite desarrollar un perfil espec\u00edfico para mostrar publicidad en funci\u00f3n del mismo.<\/li>\n<\/ul>\n<p><strong>3. PRINCIPIO DEL CONSENTIMIENTO<\/strong><\/p>\n<p>El consentimiento para la instalaci\u00f3n de las cookies se entender\u00e1 prestado a trav\u00e9s de la marcaci\u00f3n de la casilla relativa a la aceptaci\u00f3n de la \u201cPol\u00edtica de cookies\u201d dispuesta al efecto en nuestra p\u00e1gina web.<\/p>\n<p>En los casos en que el usuario no manifieste expresamente si acepta o no la instalaci\u00f3n de las cookies, pero contin\u00fae utilizando la p\u00e1gina web o la aplicaci\u00f3n se entender\u00e1 que \u00e9ste ha dado su consentimiento, inform\u00e1ndole expresamente nuestra entidad de la posibilidad de bloquear o eliminar las cookies instaladas en su equipo mediante la configuraci\u00f3n de las opciones del navegador instalado en su ordenador.<\/p>\n<p><strong>4. CAR\u00c1CTER FACULTATIVO DE LA INSTALACI\u00d3N DE COOKIES<\/strong><\/p>\n<p>Si bien la aceptaci\u00f3n de la instalaci\u00f3n de las cookies en su ordenador es facultativa para usted, la negativa a su instalaci\u00f3n puede suponer que la funcionalidad de la p\u00e1gina web quede limitada o no sea posible, lo cual imposibilitar\u00eda la prestaci\u00f3n de servicios por parte de nuestra entidad a trav\u00e9s de la mismo.<\/p>\n<p><strong>5. DESACTIVACI\u00d3N DE COOKIES<\/strong><\/p>\n<p>El usuario en todo momento podr\u00e1 cambiar la configuraci\u00f3n de las cookies, bloquearlas o desactivarlas. Para ello le facilitamos el modo en los principales navegadores.<\/p>\n<p>CHROME:\u00a0<a href=\"https:\/\/support.google.com\/chrome\/answer\/95647?hl=es\" target=\"_blank\" rel=\"noopener\">https:\/\/support.google.com\/chrome\/answer\/95647?hl=es<\/a><\/p>\n<p>EXPLORER:\u00a0<a href=\"http:\/\/windows.microsoft.com\/es-es\/windows-vista\/Block-or-allow-cookies\" target=\"_blank\" rel=\"noopener\">http:\/\/windows.microsoft.com\/es-es\/windows-vista\/Block-or-allow-cookies<\/a><\/p>\n<p>FIREFOX: \u00a0\u00a0<a href=\"http:\/\/support.mozilla.org\/es\/kb\/habilitar-y-deshabilitar-cookies-que-los-sitios-we\" target=\"_blank\" rel=\"noopener\">http:\/\/support.mozilla.org\/es\/kb\/habilitar-y-deshabilitar-cookies-que-los-sitios-we<\/a><\/p>\n<p>SAFARI: \u00a0 \u00a0<a href=\"http:\/\/www.apple.com\/es\/privacy\/use-of-cookies\/\" target=\"_blank\" rel=\"noopener\">http:\/\/www.apple.com\/es\/privacy\/use-of-cookies\/<\/a><\/p>\n<p>As\u00ed como las cookies a terceros Google AdWords:<\/p>\n<p><a href=\"http:\/\/www.google.es\/intl\/es\/policies\/technologies\/cookies\/\" target=\"_blank\" rel=\"noopener\">http:\/\/www.google.es\/intl\/es\/policies\/technologies\/cookies\/<\/a><\/p>\n<p>SERVIBIZA EXCLUSIVE HOMES, SL no se hace responsable del contenido y veracidad de las pol\u00edticas de cookies de los terceros.<\/p>\n<p><strong>6. PRINCIPIO DE SEGURIDAD DE LOS DATOS<\/strong><\/p>\n<p>SERVIBIZA EXCLUSIVE HOMES, SL se compromete al cumplimiento de su obligaci\u00f3n de secreto respecto de los datos de car\u00e1cter personal y de su deber de guardarlos y adoptar\u00e1 todas las medidas de \u00edndole t\u00e9cnica y organizativa necesarias que garanticen la seguridad de los datos de car\u00e1cter personal y eviten su alteraci\u00f3n, p\u00e9rdida, tratamiento o acceso no autorizado, habida cuenta del estado de la tecnolog\u00eda, la naturaleza de los datos almacenados y los riesgos a que est\u00e9n expuestos, ya provengan de la acci\u00f3n humana o del medio f\u00edsico o natural, desarrolladas en el T\u00edtulo VIII del Real Decreto 1720\/2007, de 21 de diciembre, por el que se aprueba el Reglamento de desarrollo de la Ley Org\u00e1nica 15\/1999, de 13 de diciembre, de Protecci\u00f3n de Datos de Car\u00e1cter Personal.<\/p>\n<p><strong>7. EJERCICIO DE DERECHOS<\/strong><\/p>\n<p>En cumplimiento de lo establecido en la LOPD y el Real Decreto 1720\/2007, de 21 de diciembre, por el que se aprueba el Reglamento de desarrollo de la misma, el destinatario del serviciopuede ejercitar, en cualquier momento, sus derechos de acceso, rectificaci\u00f3n, cancelaci\u00f3n y oposici\u00f3n ante el responsable del fichero o del tratamiento, adjuntando fotocopia de su DNI.<\/p>\n<p><strong>\u00a08.\u00a0<\/strong><strong>RESPONSABLE DEL FICHERO O DEL TRATAMIENTO<\/strong><\/p>\n<p>El responsable del fichero o del tratamiento es SERVIBIZA EXCLUSIVE HOMES, SL, con direcci\u00f3n a efectos de notificaciones en P\u00ba Juan Carlos I, n\u00ba 23, local 6, 07800 &#8211; Ibiza (Balears (Illes))<\/p>\n","protected":false},"excerpt":{"rendered":"<p>&nbsp; 1. NORMATIVA APLICABLE El apartado segundo del art\u00edculo 22 de la Ley 34\/2002, de 11 de julio, de Servicios de la Sociedad de la Informaci\u00f3n y de Comercio Electr\u00f3nico (en adelante, LSSI-CE),establece lo siguiente: 1. Los prestadores de servicios podr\u00e1n utilizar dispositivos de almacenamiento y recuperaci\u00f3n de datos en equipos terminales de los destinatarios, [&#8230;]<\/p>\n<p><a class=\"btn btn-secondary understrap-read-more-link\" href=\"http:\/\/estela.zadiasoftware.com\/it\/cookies-policy\/\">Leggi tutto&#8230;<\/a><\/p>\n","protected":false},"author":7,"featured_media":0,"parent":0,"menu_order":0,"comment_status":"closed","ping_status":"closed","template":"","meta":{"footnotes":""},"class_list":["post-4697","page","type-page","status-publish","hentry"],"acf":[],"yoast_head":"<!-- This site is optimized with the Yoast SEO plugin v18.1 - https:\/\/yoast.com\/wordpress\/plugins\/seo\/ -->\n<title>Cookies policy - Estela Exclusive Homes<\/title>\n<meta name=\"robots\" content=\"index, follow, max-snippet:-1, max-image-preview:large, max-video-preview:-1\" \/>\n<link rel=\"canonical\" href=\"http:\/\/estela.zadiasoftware.com\/it\/cookies-policy\/\" \/>\n<meta property=\"og:locale\" content=\"it_IT\" \/>\n<meta property=\"og:type\" content=\"article\" \/>\n<meta property=\"og:title\" content=\"Cookies policy - Estela Exclusive Homes\" \/>\n<meta property=\"og:description\" content=\"&nbsp; 1. NORMATIVA APLICABLE El apartado segundo del art\u00edculo 22 de la Ley 34\/2002, de 11 de julio, de Servicios de la Sociedad de la Informaci\u00f3n y de Comercio Electr\u00f3nico (en adelante, LSSI-CE),establece lo siguiente: 1. Los prestadores de servicios podr\u00e1n utilizar dispositivos de almacenamiento y recuperaci\u00f3n de datos en equipos terminales de los destinatarios, [...]Leggi tutto...\" \/>\n<meta property=\"og:url\" content=\"http:\/\/estela.zadiasoftware.com\/it\/cookies-policy\/\" \/>\n<meta property=\"og:site_name\" content=\"Estela Exclusive Homes\" \/>\n<meta property=\"article:modified_time\" content=\"2019-03-01T10:01:54+00:00\" \/>\n<meta name=\"twitter:card\" content=\"summary_large_image\" \/>\n<meta name=\"twitter:label1\" content=\"Est. reading time\" \/>\n\t<meta name=\"twitter:data1\" content=\"7 minutes\" \/>\n<!-- \/ Yoast SEO plugin. -->","yoast_head_json":{"title":"Cookies policy - Estela Exclusive Homes","robots":{"index":"index","follow":"follow","max-snippet":"max-snippet:-1","max-image-preview":"max-image-preview:large","max-video-preview":"max-video-preview:-1"},"canonical":"http:\/\/estela.zadiasoftware.com\/it\/cookies-policy\/","og_locale":"it_IT","og_type":"article","og_title":"Cookies policy - Estela Exclusive Homes","og_description":"&nbsp; 1. NORMATIVA APLICABLE El apartado segundo del art\u00edculo 22 de la Ley 34\/2002, de 11 de julio, de Servicios de la Sociedad de la Informaci\u00f3n y de Comercio Electr\u00f3nico (en adelante, LSSI-CE),establece lo siguiente: 1. Los prestadores de servicios podr\u00e1n utilizar dispositivos de almacenamiento y recuperaci\u00f3n de datos en equipos terminales de los destinatarios, [...]Leggi tutto...","og_url":"http:\/\/estela.zadiasoftware.com\/it\/cookies-policy\/","og_site_name":"Estela Exclusive Homes","article_modified_time":"2019-03-01T10:01:54+00:00","twitter_card":"summary_large_image","twitter_misc":{"Est. reading time":"7 minutes"},"schema":{"@context":"https:\/\/schema.org","@graph":[{"@type":"WebSite","@id":"http:\/\/estela.zadiasoftware.com\/#website","url":"http:\/\/estela.zadiasoftware.com\/","name":"Estela Exclusive Homes","description":"","potentialAction":[{"@type":"SearchAction","target":{"@type":"EntryPoint","urlTemplate":"http:\/\/estela.zadiasoftware.com\/?s={search_term_string}"},"query-input":"required name=search_term_string"}],"inLanguage":"it-IT"},{"@type":"WebPage","@id":"http:\/\/estela.zadiasoftware.com\/it\/cookies-policy\/#webpage","url":"http:\/\/estela.zadiasoftware.com\/it\/cookies-policy\/","name":"Cookies policy - Estela Exclusive Homes","isPartOf":{"@id":"http:\/\/estela.zadiasoftware.com\/#website"},"datePublished":"2019-02-12T13:59:04+00:00","dateModified":"2019-03-01T10:01:54+00:00","breadcrumb":{"@id":"http:\/\/estela.zadiasoftware.com\/it\/cookies-policy\/#breadcrumb"},"inLanguage":"it-IT","potentialAction":[{"@type":"ReadAction","target":["http:\/\/estela.zadiasoftware.com\/it\/cookies-policy\/"]}]},{"@type":"BreadcrumbList","@id":"http:\/\/estela.zadiasoftware.com\/it\/cookies-policy\/#breadcrumb","itemListElement":[{"@type":"ListItem","position":1,"name":"Home","item":"http:\/\/estela.zadiasoftware.com\/it\/"},{"@type":"ListItem","position":2,"name":"Cookies policy"}]}]}},"_links":{"self":[{"href":"http:\/\/estela.zadiasoftware.com\/it\/wp-json\/wp\/v2\/pages\/4697","targetHints":{"allow":["GET"]}}],"collection":[{"href":"http:\/\/estela.zadiasoftware.com\/it\/wp-json\/wp\/v2\/pages"}],"about":[{"href":"http:\/\/estela.zadiasoftware.com\/it\/wp-json\/wp\/v2\/types\/page"}],"author":[{"embeddable":true,"href":"http:\/\/estela.zadiasoftware.com\/it\/wp-json\/wp\/v2\/users\/7"}],"replies":[{"embeddable":true,"href":"http:\/\/estela.zadiasoftware.com\/it\/wp-json\/wp\/v2\/comments?post=4697"}],"version-history":[{"count":1,"href":"http:\/\/estela.zadiasoftware.com\/it\/wp-json\/wp\/v2\/pages\/4697\/revisions"}],"predecessor-version":[{"id":4698,"href":"http:\/\/estela.zadiasoftware.com\/it\/wp-json\/wp\/v2\/pages\/4697\/revisions\/4698"}],"wp:attachment":[{"href":"http:\/\/estela.zadiasoftware.com\/it\/wp-json\/wp\/v2\/media?parent=4697"}],"curies":[{"name":"wp","href":"https:\/\/api.w.org\/{rel}","templated":true}]}}