{"id":3941,"date":"2018-11-08T12:45:25","date_gmt":"2018-11-08T11:45:25","guid":{"rendered":"http:\/\/localhost\/?page_id=3941"},"modified":"2020-10-14T08:48:08","modified_gmt":"2020-10-14T07:48:08","slug":"a-bit-about-us","status":"publish","type":"page","link":"http:\/\/estela.zadiasoftware.com\/it\/a-bit-about-us\/","title":{"rendered":"Un po &#8216;di noi"},"content":{"rendered":"<p class=\"p1\">Estela Est\u00e9vez, fondatrice e direttrice esecutiva<span class=\"Apple-converted-space\">\u00a0 <\/span>di Estela Exclusive Homes, ha lavorato per<span class=\"Apple-converted-space\">\u00a0 <\/span>piu di vent&#8217;anni<span class=\"Apple-converted-space\">\u00a0 <\/span>nel settore immobiliare a Madrid e alle Baleari. Assecondando una particolare vocazione per lo stile e l&#8217;eccellenza ha creato una realt\u00e0 che ha a cuore il rapporto di fiducia con la propria clientela.<\/p>\n<p><img decoding=\"async\" class=\"estela wp-image-22763 size-medium alignleft\" style=\"margin-right: 2%;\" src=\"http:\/\/estela.zadiasoftware.com\/wp-content\/uploads\/2020\/03\/Estela-2-928x1024-1-272x300.png\" alt=\"\" width=\"272\" height=\"300\" srcset=\"http:\/\/estela.zadiasoftware.com\/wp-content\/uploads\/2020\/03\/Estela-2-928x1024-1-272x300.png 272w, http:\/\/estela.zadiasoftware.com\/wp-content\/uploads\/2020\/03\/Estela-2-928x1024-1-768x847.png 768w, http:\/\/estela.zadiasoftware.com\/wp-content\/uploads\/2020\/03\/Estela-2-928x1024-1.png 928w\" sizes=\"(max-width: 272px) 100vw, 272px\" \/>Dopo una consolidata esperienza nel 2000 a Ibiza<span class=\"Apple-converted-space\">\u00a0 <\/span>Estela Est\u00e9vez e sua figlia Sandra Tejero Est\u00e9vez<span class=\"Apple-converted-space\">\u00a0 <\/span>hanno creato il brand<span class=\"Apple-converted-space\">\u00a0 <\/span>\u2018EEH\u2019<span class=\"Apple-converted-space\">\u00a0 Estela Exclusive Homes<\/span>\u00a0che ha trasmesso sull\u2019isola l\u2019idea innovativa di \u2018luxury real estate\u2019<span class=\"Apple-converted-space\">\u00a0 <\/span>dedicandosi<span class=\"Apple-converted-space\">\u00a0 <\/span>principalmente al segmento pi\u00f9 alto del mercato immobiliare; eccellenza, lusso e esclusivit\u00e0.<\/p>\n<p class=\"p1\">L&#8217;ampia lista di clienti internazionali di Estela Exclusive Home conferma la sensibilit\u00e0 e il talento nel comprendere e<span class=\"Apple-converted-space\">\u00a0 <\/span>soddisfare le richieste dei clienti piu esigenti. Il team consolidato dei collaboratori che fa capo alla figlia Sandra si dedica appassionatamente alla ricerca di quell\u2019opportunit\u00e0 unica e speciale che si adatta ai desideri di ogni cliente.<span class=\"Apple-converted-space\">\u00a0 <\/span>EEH \u00e8 diventata l&#8217;agenzia immobiliare di riferimento per clienti con esigenze uniche, che richiedono i pi\u00f9 alti standard di management e la massima discrezione.<\/p>\n<p class=\"p1\">Oltre ad avere un&#8217;eccellente reputazione nella commercializzazione di differenti propriet\u00e0, Estela Exclusive Homes ha un ampia conoscenza del mercato locale, requisito fondamentale per la commercializzazione di immobili di lusso.<\/p>\n<p class=\"p1\">La competenza di Estela Exclusive Homes \u00e8 fondata anche sulla grande capacit\u00e0 di gestione di tutti i dettagli che caratterizzano le transazioni pi\u00f9 sofisticate, e nel coordinamento di una squadra di professionisti esperti e competenti nei differenti settori del mercato,<span class=\"Apple-converted-space\">\u00a0 <\/span>dalla compravendita<span class=\"Apple-converted-space\">\u00a0 <\/span>ai servizi finanziari<span class=\"Apple-converted-space\">\u00a0 <\/span>one-stop ai pi\u00f9 recenti strumenti di marketing online etc\u2026<\/p>\n<p class=\"p1\">I clienti di Estela Exclusive Homes sanno che durante la intermediazione tutti i dettagli<span class=\"Apple-converted-space\">\u00a0 <\/span>saranno curati e costantemente sotto controllo garantendo la massima professionalit\u00e0 e seriet\u00e0.<\/p>\n<p>&nbsp;<\/p>\n<p>&nbsp;<\/p>\n<p>&nbsp;<\/p>\n<p>&nbsp;<\/p>\n","protected":false},"excerpt":{"rendered":"<p>Estela Est\u00e9vez, fondatrice e direttrice esecutiva\u00a0 di Estela Exclusive Homes, ha lavorato per\u00a0 piu di vent&#8217;anni\u00a0 nel settore immobiliare a Madrid e alle Baleari. Assecondando una particolare vocazione per lo stile e l&#8217;eccellenza ha creato una realt\u00e0 che ha a cuore il rapporto di fiducia con la propria clientela. Dopo una consolidata esperienza nel 2000 [&#8230;]<\/p>\n<p><a class=\"btn btn-secondary understrap-read-more-link\" href=\"http:\/\/estela.zadiasoftware.com\/it\/a-bit-about-us\/\">Leggi tutto&#8230;<\/a><\/p>\n","protected":false},"author":7,"featured_media":0,"parent":0,"menu_order":0,"comment_status":"closed","ping_status":"closed","template":"a-bit-about-us.php","meta":{"footnotes":""},"class_list":["post-3941","page","type-page","status-publish","hentry"],"acf":[],"yoast_head":"<!-- This site is optimized with the Yoast SEO plugin v18.1 - https:\/\/yoast.com\/wordpress\/plugins\/seo\/ -->\n<title>Un po &#039;di noi - Estela Exclusive Homes<\/title>\n<meta name=\"robots\" content=\"index, follow, max-snippet:-1, max-image-preview:large, max-video-preview:-1\" \/>\n<link rel=\"canonical\" href=\"http:\/\/estela.zadiasoftware.com\/it\/a-bit-about-us\/\" \/>\n<meta property=\"og:locale\" content=\"it_IT\" \/>\n<meta property=\"og:type\" content=\"article\" \/>\n<meta property=\"og:title\" content=\"Un po &#039;di noi - Estela Exclusive Homes\" \/>\n<meta property=\"og:description\" content=\"Estela Est\u00e9vez, fondatrice e direttrice esecutiva\u00a0 di Estela Exclusive Homes, ha lavorato per\u00a0 piu di vent&#8217;anni\u00a0 nel settore immobiliare a Madrid e alle Baleari. Assecondando una particolare vocazione per lo stile e l&#8217;eccellenza ha creato una realt\u00e0 che ha a cuore il rapporto di fiducia con la propria clientela. Dopo una consolidata esperienza nel 2000 [...]Leggi tutto...\" \/>\n<meta property=\"og:url\" content=\"http:\/\/estela.zadiasoftware.com\/it\/a-bit-about-us\/\" \/>\n<meta property=\"og:site_name\" content=\"Estela Exclusive Homes\" \/>\n<meta property=\"article:modified_time\" content=\"2020-10-14T07:48:08+00:00\" \/>\n<meta property=\"og:image\" content=\"http:\/\/estela.zadiasoftware.com\/wp-content\/uploads\/2020\/03\/Estela-2-928x1024-1-272x300.png\" \/>\n<meta name=\"twitter:card\" content=\"summary_large_image\" \/>\n<meta name=\"twitter:label1\" content=\"Est. reading time\" \/>\n\t<meta name=\"twitter:data1\" content=\"1 minute\" \/>\n<!-- \/ Yoast SEO plugin. -->","yoast_head_json":{"title":"Un po 'di noi - Estela Exclusive Homes","robots":{"index":"index","follow":"follow","max-snippet":"max-snippet:-1","max-image-preview":"max-image-preview:large","max-video-preview":"max-video-preview:-1"},"canonical":"http:\/\/estela.zadiasoftware.com\/it\/a-bit-about-us\/","og_locale":"it_IT","og_type":"article","og_title":"Un po 'di noi - Estela Exclusive Homes","og_description":"Estela Est\u00e9vez, fondatrice e direttrice esecutiva\u00a0 di Estela Exclusive Homes, ha lavorato per\u00a0 piu di vent&#8217;anni\u00a0 nel settore immobiliare a Madrid e alle Baleari. Assecondando una particolare vocazione per lo stile e l&#8217;eccellenza ha creato una realt\u00e0 che ha a cuore il rapporto di fiducia con la propria clientela. Dopo una consolidata esperienza nel 2000 [...]Leggi tutto...","og_url":"http:\/\/estela.zadiasoftware.com\/it\/a-bit-about-us\/","og_site_name":"Estela Exclusive Homes","article_modified_time":"2020-10-14T07:48:08+00:00","og_image":[{"url":"http:\/\/estela.zadiasoftware.com\/wp-content\/uploads\/2020\/03\/Estela-2-928x1024-1-272x300.png"}],"twitter_card":"summary_large_image","twitter_misc":{"Est. reading time":"1 minute"},"schema":{"@context":"https:\/\/schema.org","@graph":[{"@type":"WebSite","@id":"http:\/\/estela.zadiasoftware.com\/#website","url":"http:\/\/estela.zadiasoftware.com\/","name":"Estela Exclusive Homes","description":"","potentialAction":[{"@type":"SearchAction","target":{"@type":"EntryPoint","urlTemplate":"http:\/\/estela.zadiasoftware.com\/?s={search_term_string}"},"query-input":"required name=search_term_string"}],"inLanguage":"it-IT"},{"@type":"ImageObject","@id":"http:\/\/estela.zadiasoftware.com\/it\/a-bit-about-us\/#primaryimage","inLanguage":"it-IT","url":"http:\/\/estela.zadiasoftware.com\/wp-content\/uploads\/2020\/03\/Estela-2-928x1024-1.png","contentUrl":"http:\/\/estela.zadiasoftware.com\/wp-content\/uploads\/2020\/03\/Estela-2-928x1024-1.png","width":928,"height":1024},{"@type":"WebPage","@id":"http:\/\/estela.zadiasoftware.com\/it\/a-bit-about-us\/#webpage","url":"http:\/\/estela.zadiasoftware.com\/it\/a-bit-about-us\/","name":"Un po 'di noi - Estela Exclusive Homes","isPartOf":{"@id":"http:\/\/estela.zadiasoftware.com\/#website"},"primaryImageOfPage":{"@id":"http:\/\/estela.zadiasoftware.com\/it\/a-bit-about-us\/#primaryimage"},"datePublished":"2018-11-08T11:45:25+00:00","dateModified":"2020-10-14T07:48:08+00:00","breadcrumb":{"@id":"http:\/\/estela.zadiasoftware.com\/it\/a-bit-about-us\/#breadcrumb"},"inLanguage":"it-IT","potentialAction":[{"@type":"ReadAction","target":["http:\/\/estela.zadiasoftware.com\/it\/a-bit-about-us\/"]}]},{"@type":"BreadcrumbList","@id":"http:\/\/estela.zadiasoftware.com\/it\/a-bit-about-us\/#breadcrumb","itemListElement":[{"@type":"ListItem","position":1,"name":"Home","item":"http:\/\/estela.zadiasoftware.com\/it\/"},{"@type":"ListItem","position":2,"name":"Un po &#8216;di noi"}]}]}},"_links":{"self":[{"href":"http:\/\/estela.zadiasoftware.com\/it\/wp-json\/wp\/v2\/pages\/3941","targetHints":{"allow":["GET"]}}],"collection":[{"href":"http:\/\/estela.zadiasoftware.com\/it\/wp-json\/wp\/v2\/pages"}],"about":[{"href":"http:\/\/estela.zadiasoftware.com\/it\/wp-json\/wp\/v2\/types\/page"}],"author":[{"embeddable":true,"href":"http:\/\/estela.zadiasoftware.com\/it\/wp-json\/wp\/v2\/users\/7"}],"replies":[{"embeddable":true,"href":"http:\/\/estela.zadiasoftware.com\/it\/wp-json\/wp\/v2\/comments?post=3941"}],"version-history":[{"count":4,"href":"http:\/\/estela.zadiasoftware.com\/it\/wp-json\/wp\/v2\/pages\/3941\/revisions"}],"predecessor-version":[{"id":29302,"href":"http:\/\/estela.zadiasoftware.com\/it\/wp-json\/wp\/v2\/pages\/3941\/revisions\/29302"}],"wp:attachment":[{"href":"http:\/\/estela.zadiasoftware.com\/it\/wp-json\/wp\/v2\/media?parent=3941"}],"curies":[{"name":"wp","href":"https:\/\/api.w.org\/{rel}","templated":true}]}}