{"id":3963,"date":"2019-02-15T08:59:33","date_gmt":"2019-02-15T08:59:33","guid":{"rendered":"http:\/\/localhost\/?page_id=3963"},"modified":"2019-02-15T08:59:33","modified_gmt":"2019-02-15T08:59:33","slug":"werden-sie-teil-unseres-teams","status":"publish","type":"page","link":"http:\/\/estela.zadiasoftware.com\/de\/werden-sie-teil-unseres-teams\/","title":{"rendered":"Werden Sie Teil unseres Teams"},"content":{"rendered":"<p class=\"p1\">Wenn Sie Interesse daran haben, Teil unseres exzellenten Teams zu werden, sollten folgende Aussagen auf Sie zutreffen:<\/p>\n<p class=\"p1\">&#8211; Sie besitzen nachweisbare Erfahrung in vergleichbarer Besch\u00e4ftigung<\/p>\n<ul class=\"ul1\">\n<li class=\"li1\">Sie besitzen Verkaufstalent und -begeisterung<\/li>\n<li class=\"li1\">Sie zeigen stets Engagement bei der Arbeit und vertreten eine unternehmerische Denkhaltung<\/li>\n<li class=\"li1\">Sie verf\u00fcgen \u00fcber ausgezeichnete Kommunikationsf\u00e4higkeiten in mehreren Sprachen<\/li>\n<li class=\"li1\">Sie haben eine positive Ausstrahlung und ein gepflegtes Erscheinungsbild<\/li>\n<\/ul>\n<p class=\"p1\">&#8211; Ihre Computerkenntnisse sind sehr gut<\/p>\n<p class=\"p1\">&#8211; Sie haben eine ausgepr\u00e4gte F\u00e4higkeit, mit anspruchsvollen Kunden umzugehen<\/p>\n<p class=\"p1\">&#8211; Sie haben einen ausgepr\u00e4gten Teamgeist<\/p>\n<p class=\"p1\">Schicken Sie Ihren Lebenslauf an:<\/p>\n<p class=\"p1\"><a href=\"mailto:info@estelaexclusivehomes.com\"><span class=\"s1\">info@estelaexclusivehomes.com<\/span><\/a><\/p>\n<p>&nbsp;<\/p>\n","protected":false},"excerpt":{"rendered":"<p>Wenn Sie Interesse daran haben, Teil unseres exzellenten Teams zu werden, sollten folgende Aussagen auf Sie zutreffen: &#8211; Sie besitzen nachweisbare Erfahrung in vergleichbarer Besch\u00e4ftigung Sie besitzen Verkaufstalent und -begeisterung Sie zeigen stets Engagement bei der Arbeit und vertreten eine unternehmerische Denkhaltung Sie verf\u00fcgen \u00fcber ausgezeichnete Kommunikationsf\u00e4higkeiten in mehreren Sprachen Sie haben eine positive Ausstrahlung [&#8230;]<\/p>\n<p><a class=\"btn btn-secondary understrap-read-more-link\" href=\"http:\/\/estela.zadiasoftware.com\/de\/werden-sie-teil-unseres-teams\/\">Weiterlesen&#8230;<\/a><\/p>\n","protected":false},"author":7,"featured_media":0,"parent":0,"menu_order":0,"comment_status":"closed","ping_status":"closed","template":"work-with-us.php","meta":{"footnotes":""},"class_list":["post-3963","page","type-page","status-publish","hentry"],"acf":[],"yoast_head":"<!-- This site is optimized with the Yoast SEO plugin v18.1 - https:\/\/yoast.com\/wordpress\/plugins\/seo\/ -->\n<title>Werden Sie Teil unseres Teams - Estela Exclusive Homes<\/title>\n<meta name=\"robots\" content=\"index, follow, max-snippet:-1, max-image-preview:large, max-video-preview:-1\" \/>\n<link rel=\"canonical\" href=\"http:\/\/estela.zadiasoftware.com\/de\/werden-sie-teil-unseres-teams\/\" \/>\n<meta property=\"og:locale\" content=\"de_DE\" \/>\n<meta property=\"og:type\" content=\"article\" \/>\n<meta property=\"og:title\" content=\"Werden Sie Teil unseres Teams - Estela Exclusive Homes\" \/>\n<meta property=\"og:description\" content=\"Wenn Sie Interesse daran haben, Teil unseres exzellenten Teams zu werden, sollten folgende Aussagen auf Sie zutreffen: &#8211; Sie besitzen nachweisbare Erfahrung in vergleichbarer Besch\u00e4ftigung Sie besitzen Verkaufstalent und -begeisterung Sie zeigen stets Engagement bei der Arbeit und vertreten eine unternehmerische Denkhaltung Sie verf\u00fcgen \u00fcber ausgezeichnete Kommunikationsf\u00e4higkeiten in mehreren Sprachen Sie haben eine positive Ausstrahlung [...]Weiterlesen...\" \/>\n<meta property=\"og:url\" content=\"http:\/\/estela.zadiasoftware.com\/de\/werden-sie-teil-unseres-teams\/\" \/>\n<meta property=\"og:site_name\" content=\"Estela Exclusive Homes\" \/>\n<meta name=\"twitter:card\" content=\"summary_large_image\" \/>\n<!-- \/ Yoast SEO plugin. -->","yoast_head_json":{"title":"Werden Sie Teil unseres Teams - Estela Exclusive Homes","robots":{"index":"index","follow":"follow","max-snippet":"max-snippet:-1","max-image-preview":"max-image-preview:large","max-video-preview":"max-video-preview:-1"},"canonical":"http:\/\/estela.zadiasoftware.com\/de\/werden-sie-teil-unseres-teams\/","og_locale":"de_DE","og_type":"article","og_title":"Werden Sie Teil unseres Teams - Estela Exclusive Homes","og_description":"Wenn Sie Interesse daran haben, Teil unseres exzellenten Teams zu werden, sollten folgende Aussagen auf Sie zutreffen: &#8211; Sie besitzen nachweisbare Erfahrung in vergleichbarer Besch\u00e4ftigung Sie besitzen Verkaufstalent und -begeisterung Sie zeigen stets Engagement bei der Arbeit und vertreten eine unternehmerische Denkhaltung Sie verf\u00fcgen \u00fcber ausgezeichnete Kommunikationsf\u00e4higkeiten in mehreren Sprachen Sie haben eine positive Ausstrahlung [...]Weiterlesen...","og_url":"http:\/\/estela.zadiasoftware.com\/de\/werden-sie-teil-unseres-teams\/","og_site_name":"Estela Exclusive Homes","twitter_card":"summary_large_image","schema":{"@context":"https:\/\/schema.org","@graph":[{"@type":"WebSite","@id":"http:\/\/estela.zadiasoftware.com\/#website","url":"http:\/\/estela.zadiasoftware.com\/","name":"Estela Exclusive Homes","description":"","potentialAction":[{"@type":"SearchAction","target":{"@type":"EntryPoint","urlTemplate":"http:\/\/estela.zadiasoftware.com\/?s={search_term_string}"},"query-input":"required name=search_term_string"}],"inLanguage":"de-DE"},{"@type":"WebPage","@id":"http:\/\/estela.zadiasoftware.com\/de\/werden-sie-teil-unseres-teams\/#webpage","url":"http:\/\/estela.zadiasoftware.com\/de\/werden-sie-teil-unseres-teams\/","name":"Werden Sie Teil unseres Teams - Estela Exclusive Homes","isPartOf":{"@id":"http:\/\/estela.zadiasoftware.com\/#website"},"datePublished":"2019-02-15T08:59:33+00:00","dateModified":"2019-02-15T08:59:33+00:00","breadcrumb":{"@id":"http:\/\/estela.zadiasoftware.com\/de\/werden-sie-teil-unseres-teams\/#breadcrumb"},"inLanguage":"de-DE","potentialAction":[{"@type":"ReadAction","target":["http:\/\/estela.zadiasoftware.com\/de\/werden-sie-teil-unseres-teams\/"]}]},{"@type":"BreadcrumbList","@id":"http:\/\/estela.zadiasoftware.com\/de\/werden-sie-teil-unseres-teams\/#breadcrumb","itemListElement":[{"@type":"ListItem","position":1,"name":"Home","item":"http:\/\/estela.zadiasoftware.com\/de\/"},{"@type":"ListItem","position":2,"name":"Werden Sie Teil unseres Teams"}]}]}},"_links":{"self":[{"href":"http:\/\/estela.zadiasoftware.com\/de\/wp-json\/wp\/v2\/pages\/3963","targetHints":{"allow":["GET"]}}],"collection":[{"href":"http:\/\/estela.zadiasoftware.com\/de\/wp-json\/wp\/v2\/pages"}],"about":[{"href":"http:\/\/estela.zadiasoftware.com\/de\/wp-json\/wp\/v2\/types\/page"}],"author":[{"embeddable":true,"href":"http:\/\/estela.zadiasoftware.com\/de\/wp-json\/wp\/v2\/users\/7"}],"replies":[{"embeddable":true,"href":"http:\/\/estela.zadiasoftware.com\/de\/wp-json\/wp\/v2\/comments?post=3963"}],"version-history":[{"count":1,"href":"http:\/\/estela.zadiasoftware.com\/de\/wp-json\/wp\/v2\/pages\/3963\/revisions"}],"predecessor-version":[{"id":3964,"href":"http:\/\/estela.zadiasoftware.com\/de\/wp-json\/wp\/v2\/pages\/3963\/revisions\/3964"}],"wp:attachment":[{"href":"http:\/\/estela.zadiasoftware.com\/de\/wp-json\/wp\/v2\/media?parent=3963"}],"curies":[{"name":"wp","href":"https:\/\/api.w.org\/{rel}","templated":true}]}}