{"id":3946,"date":"2018-11-08T12:45:25","date_gmt":"2018-11-08T11:45:25","guid":{"rendered":"http:\/\/localhost\/?page_id=3946"},"modified":"2020-10-14T08:46:12","modified_gmt":"2020-10-14T07:46:12","slug":"a-bit-about-us","status":"publish","type":"page","link":"http:\/\/estela.zadiasoftware.com\/de\/a-bit-about-us\/","title":{"rendered":"About us"},"content":{"rendered":"<p class=\"p1\">Estela Est\u00e9vez, Gr\u00fcnderin von Estela Exclusive Homes (EEH), arbeitet seit zwanzig Jahren in der Immobilienbranche und setzte von Anfang an auf gehobenen Stil und Exzellenten Service.<\/p>\n<p><img decoding=\"async\" class=\"estela wp-image-22762 size-medium alignleft\" style=\"margin-right: 2%;\" src=\"http:\/\/estela.zadiasoftware.com\/wp-content\/uploads\/2020\/03\/Estela-2-928x1024-1-272x300.png\" alt=\"\" width=\"272\" height=\"300\" srcset=\"http:\/\/estela.zadiasoftware.com\/wp-content\/uploads\/2020\/03\/Estela-2-928x1024-1-272x300.png 272w, http:\/\/estela.zadiasoftware.com\/wp-content\/uploads\/2020\/03\/Estela-2-928x1024-1-768x847.png 768w, http:\/\/estela.zadiasoftware.com\/wp-content\/uploads\/2020\/03\/Estela-2-928x1024-1.png 928w\" sizes=\"(max-width: 272px) 100vw, 272px\" \/><\/p>\n<p class=\"p1\">Sie startete ihrer Karriere in Madrid und gr\u00fcndete dann im Jahr 2000 zusammen mit ihrer Tochter Sandra Tejero Est\u00e9vez das Immobilienunternehmen EEH auf der sch\u00f6nen Insel Ibiza. Der Fokus des Unternehmens liegt auf erstklassigen Luxusimmobilien.<\/p>\n<p class=\"p1\">Die exklusive, internationale Kundenliste von Estela Exclusive Homes verdeutlicht den Erfolg des Unternehmens und Dieser ist der top Kompetenz der beiden Gr\u00fcnderinnen geschuldet, auf absolut jeden Wunsch ihrer Kunden und allen Beteiligten Personen bestm\u00f6glich einzugehen.<\/p>\n<p class=\"p1\">Estela Exclusive Homes ist die perfekte L\u00f6sung f\u00fcr den Kunden mit besonderen und aussergew\u00f6hnlichen Bed\u00fcrfnissen und W\u00fcnschen sowie h\u00f6chsten Anspr\u00fcchen auf Seriosit\u00e4t und Diskretion.<\/p>\n<p class=\"p1\">Estela Exclusive Homes vermarktet nicht nur erfolgreich Immobilien, sondern besitzt auch breitgef\u00e4cherte Kenntnisse \u00fcber den lokalen Immobilienmarkt der Insel &#8211; Grundvoraussetzung f\u00fcr eine professionelle Beratung bzw. dem erfolgreichen Kauf und Verkauf von Immobilien.<\/p>\n<p class=\"p1\">Das Erfolgsgeheimnis liegt in der von Kunden h\u00f6chstgesch\u00e4tzten Diskretion, garantiertem Datenschutz und nat\u00fcrlich auch der erfolgreichen Leitung eines starken Teams, welches alle relevanten Unternehmensbereiche abdeckt &#8211; vom An- und Verkauf von Immobilien \u00fcber Finanzierungsleistungen bis hin zu der Anwendung neuester Online- und Offline-Marketing-Tools.<\/p>\n<p class=\"p1\">Die Kunden von Estela Exclusive Homes wissen, dass bei einer Zusammenarbeit alle Details sorgf\u00e4ltig und unter st\u00e4ndiger Kontrolle behandelt werden, um stets ein H\u00f6chstma\u00df an Professionalit\u00e4t und Seriosit\u00e4t zu gew\u00e4hrleisten.<\/p>\n<p>&nbsp;<\/p>\n<p>&nbsp;<\/p>\n<p>&nbsp;<\/p>\n<p>&nbsp;<\/p>\n","protected":false},"excerpt":{"rendered":"<p>Estela Est\u00e9vez, Gr\u00fcnderin von Estela Exclusive Homes (EEH), arbeitet seit zwanzig Jahren in der Immobilienbranche und setzte von Anfang an auf gehobenen Stil und Exzellenten Service. Sie startete ihrer Karriere in Madrid und gr\u00fcndete dann im Jahr 2000 zusammen mit ihrer Tochter Sandra Tejero Est\u00e9vez das Immobilienunternehmen EEH auf der sch\u00f6nen Insel Ibiza. Der Fokus [&#8230;]<\/p>\n<p><a class=\"btn btn-secondary understrap-read-more-link\" href=\"http:\/\/estela.zadiasoftware.com\/de\/a-bit-about-us\/\">Weiterlesen&#8230;<\/a><\/p>\n","protected":false},"author":7,"featured_media":0,"parent":0,"menu_order":0,"comment_status":"closed","ping_status":"closed","template":"a-bit-about-us.php","meta":{"footnotes":""},"class_list":["post-3946","page","type-page","status-publish","hentry"],"acf":[],"yoast_head":"<!-- This site is optimized with the Yoast SEO plugin v18.1 - https:\/\/yoast.com\/wordpress\/plugins\/seo\/ -->\n<title>About us - Estela Exclusive Homes<\/title>\n<meta name=\"robots\" content=\"index, follow, max-snippet:-1, max-image-preview:large, max-video-preview:-1\" \/>\n<link rel=\"canonical\" href=\"http:\/\/estela.zadiasoftware.com\/de\/a-bit-about-us\/\" \/>\n<meta property=\"og:locale\" content=\"de_DE\" \/>\n<meta property=\"og:type\" content=\"article\" \/>\n<meta property=\"og:title\" content=\"About us - Estela Exclusive Homes\" \/>\n<meta property=\"og:description\" content=\"Estela Est\u00e9vez, Gr\u00fcnderin von Estela Exclusive Homes (EEH), arbeitet seit zwanzig Jahren in der Immobilienbranche und setzte von Anfang an auf gehobenen Stil und Exzellenten Service. Sie startete ihrer Karriere in Madrid und gr\u00fcndete dann im Jahr 2000 zusammen mit ihrer Tochter Sandra Tejero Est\u00e9vez das Immobilienunternehmen EEH auf der sch\u00f6nen Insel Ibiza. Der Fokus [...]Weiterlesen...\" \/>\n<meta property=\"og:url\" content=\"http:\/\/estela.zadiasoftware.com\/de\/a-bit-about-us\/\" \/>\n<meta property=\"og:site_name\" content=\"Estela Exclusive Homes\" \/>\n<meta property=\"article:modified_time\" content=\"2020-10-14T07:46:12+00:00\" \/>\n<meta property=\"og:image\" content=\"http:\/\/estela.zadiasoftware.com\/wp-content\/uploads\/2020\/03\/Estela-2-928x1024-1-272x300.png\" \/>\n<meta name=\"twitter:card\" content=\"summary_large_image\" \/>\n<meta name=\"twitter:label1\" content=\"Est. reading time\" \/>\n\t<meta name=\"twitter:data1\" content=\"1 minute\" \/>\n<!-- \/ Yoast SEO plugin. -->","yoast_head_json":{"title":"About us - Estela Exclusive Homes","robots":{"index":"index","follow":"follow","max-snippet":"max-snippet:-1","max-image-preview":"max-image-preview:large","max-video-preview":"max-video-preview:-1"},"canonical":"http:\/\/estela.zadiasoftware.com\/de\/a-bit-about-us\/","og_locale":"de_DE","og_type":"article","og_title":"About us - Estela Exclusive Homes","og_description":"Estela Est\u00e9vez, Gr\u00fcnderin von Estela Exclusive Homes (EEH), arbeitet seit zwanzig Jahren in der Immobilienbranche und setzte von Anfang an auf gehobenen Stil und Exzellenten Service. Sie startete ihrer Karriere in Madrid und gr\u00fcndete dann im Jahr 2000 zusammen mit ihrer Tochter Sandra Tejero Est\u00e9vez das Immobilienunternehmen EEH auf der sch\u00f6nen Insel Ibiza. Der Fokus [...]Weiterlesen...","og_url":"http:\/\/estela.zadiasoftware.com\/de\/a-bit-about-us\/","og_site_name":"Estela Exclusive Homes","article_modified_time":"2020-10-14T07:46:12+00:00","og_image":[{"url":"http:\/\/estela.zadiasoftware.com\/wp-content\/uploads\/2020\/03\/Estela-2-928x1024-1-272x300.png"}],"twitter_card":"summary_large_image","twitter_misc":{"Est. reading time":"1 minute"},"schema":{"@context":"https:\/\/schema.org","@graph":[{"@type":"WebSite","@id":"http:\/\/estela.zadiasoftware.com\/#website","url":"http:\/\/estela.zadiasoftware.com\/","name":"Estela Exclusive Homes","description":"","potentialAction":[{"@type":"SearchAction","target":{"@type":"EntryPoint","urlTemplate":"http:\/\/estela.zadiasoftware.com\/?s={search_term_string}"},"query-input":"required name=search_term_string"}],"inLanguage":"de-DE"},{"@type":"ImageObject","@id":"http:\/\/estela.zadiasoftware.com\/de\/a-bit-about-us\/#primaryimage","inLanguage":"de-DE","url":"http:\/\/estela.zadiasoftware.com\/wp-content\/uploads\/2020\/03\/Estela-2-928x1024-1.png","contentUrl":"http:\/\/estela.zadiasoftware.com\/wp-content\/uploads\/2020\/03\/Estela-2-928x1024-1.png","width":928,"height":1024},{"@type":"WebPage","@id":"http:\/\/estela.zadiasoftware.com\/de\/a-bit-about-us\/#webpage","url":"http:\/\/estela.zadiasoftware.com\/de\/a-bit-about-us\/","name":"About us - Estela Exclusive Homes","isPartOf":{"@id":"http:\/\/estela.zadiasoftware.com\/#website"},"primaryImageOfPage":{"@id":"http:\/\/estela.zadiasoftware.com\/de\/a-bit-about-us\/#primaryimage"},"datePublished":"2018-11-08T11:45:25+00:00","dateModified":"2020-10-14T07:46:12+00:00","breadcrumb":{"@id":"http:\/\/estela.zadiasoftware.com\/de\/a-bit-about-us\/#breadcrumb"},"inLanguage":"de-DE","potentialAction":[{"@type":"ReadAction","target":["http:\/\/estela.zadiasoftware.com\/de\/a-bit-about-us\/"]}]},{"@type":"BreadcrumbList","@id":"http:\/\/estela.zadiasoftware.com\/de\/a-bit-about-us\/#breadcrumb","itemListElement":[{"@type":"ListItem","position":1,"name":"Home","item":"http:\/\/estela.zadiasoftware.com\/de\/"},{"@type":"ListItem","position":2,"name":"About us"}]}]}},"_links":{"self":[{"href":"http:\/\/estela.zadiasoftware.com\/de\/wp-json\/wp\/v2\/pages\/3946","targetHints":{"allow":["GET"]}}],"collection":[{"href":"http:\/\/estela.zadiasoftware.com\/de\/wp-json\/wp\/v2\/pages"}],"about":[{"href":"http:\/\/estela.zadiasoftware.com\/de\/wp-json\/wp\/v2\/types\/page"}],"author":[{"embeddable":true,"href":"http:\/\/estela.zadiasoftware.com\/de\/wp-json\/wp\/v2\/users\/7"}],"replies":[{"embeddable":true,"href":"http:\/\/estela.zadiasoftware.com\/de\/wp-json\/wp\/v2\/comments?post=3946"}],"version-history":[{"count":3,"href":"http:\/\/estela.zadiasoftware.com\/de\/wp-json\/wp\/v2\/pages\/3946\/revisions"}],"predecessor-version":[{"id":29300,"href":"http:\/\/estela.zadiasoftware.com\/de\/wp-json\/wp\/v2\/pages\/3946\/revisions\/29300"}],"wp:attachment":[{"href":"http:\/\/estela.zadiasoftware.com\/de\/wp-json\/wp\/v2\/media?parent=3946"}],"curies":[{"name":"wp","href":"https:\/\/api.w.org\/{rel}","templated":true}]}}